{"id":1818,"date":"2024-05-28T20:37:51","date_gmt":"2024-05-29T01:37:51","guid":{"rendered":"https:\/\/mytradingpanama.com\/terms-and-conditions\/"},"modified":"2025-02-16T23:11:16","modified_gmt":"2025-02-17T04:11:16","slug":"terminos-y-condiciones","status":"publish","type":"page","link":"https:\/\/mytradingpanama.com\/es\/terminos-y-condiciones\/","title":{"rendered":"T\u00e9rminos y condiciones"},"content":{"rendered":"\t\t<div data-elementor-type=\"wp-page\" data-elementor-id=\"1818\" class=\"elementor elementor-1818 elementor-1721\" data-elementor-post-type=\"page\">\n\t\t\t\t<div class=\"elementor-element elementor-element-4be82419 e-flex e-con-boxed e-con e-parent\" data-id=\"4be82419\" data-element_type=\"container\" data-e-type=\"container\">\n\t\t\t\t\t<div class=\"e-con-inner\">\n\t\t\t\t<div class=\"elementor-element elementor-element-6d750168 elementor-widget elementor-widget-text-editor\" data-id=\"6d750168\" data-element_type=\"widget\" data-e-type=\"widget\" data-widget_type=\"text-editor.default\">\n\t\t\t\t\t\t\t\t\t<p><strong>My Trading Panama Inc.<\/strong>\u00a0ofrece varios m\u00e9todos de env\u00edo para que los clientes elijan. El costo de env\u00edo depende de la distancia, el peso y las dimensiones del paquete. Los clientes pueden recoger los productos personalmente o a trav\u00e9s de su transportista.<\/p><p>Ofrecemos servicios de transporte de terceros, como\u00a0<strong>UPS Ground<\/strong>, adem\u00e1s de varios m\u00e9todos de env\u00edo LTL (Less Than Truckload). El cliente ser\u00e1 responsable del costo de env\u00edo.<\/p><p><strong>Cantidad M\u00ednima de Pedido (MOQ)<\/strong><\/p><p>La mayor\u00eda de los productos vienen en cajas o paquetes internos, y la cantidad depende del producto que hayas pedido. Por favor, contacta a nuestro representante de ventas para confirmar.<\/p><p><strong>Pago<\/strong><\/p><p>Los t\u00e9rminos son prepagos. Todos los productos se enviar\u00e1n una vez que recibamos el pago. Aceptamos efectivo, tarjetas de cr\u00e9dito (con una tarifa del 3%) y transferencias bancarias (con una tarifa de $25.00).<\/p><p>Garantizamos que todos los pagos son seguros y confidenciales.<\/p><p><strong>IMPUESTOS:<\/strong>\u00a0Se aplicar\u00e1 impuesto sobre las ventas a todos los pedidos que no incluyan un n\u00famero de reventa v\u00e1lido.<\/p><p><strong>Devoluciones<\/strong><\/p><p>No se aceptar\u00e1n productos devueltos sin un n\u00famero de autorizaci\u00f3n RMA (Return Merchandise Authorization).<\/p><p>Solo se pueden devolver productos con defectos de fabricaci\u00f3n dentro de los 2 d\u00edas posteriores a la recepci\u00f3n de los productos. Los clientes deben informar sobre art\u00edculos faltantes en el pedido dentro de los 2 d\u00edas. Todas las devoluciones deben estar en su caja y empaque original.<\/p><p>El cliente ser\u00e1 responsable de los costos de env\u00edo de los productos devueltos. Los art\u00edculos deben estar sin usar, en perfecto estado y en su empaque original. De lo contrario, el comprador ser\u00e1 responsable de todos los cargos incurridos y no se emitir\u00e1 ning\u00fan reembolso.<\/p><p>Los productos de liquidaci\u00f3n, art\u00edculos en oferta especial o promocionales no son reembolsables.<\/p>\t\t\t\t\t\t\t\t<\/div>\n\t\t\t\t\t<\/div>\n\t\t\t\t<\/div>\n\t\t\t\t<\/div>\n\t\t","protected":false},"excerpt":{"rendered":"<p>My Trading Panama Inc.\u00a0ofrece varios m\u00e9todos de env\u00edo para que los clientes elijan. El costo de env\u00edo depende de la distancia, el peso y las dimensiones del paquete. Los clientes pueden recoger los productos personalmente o a trav\u00e9s de su transportista. Ofrecemos servicios de transporte de terceros, como\u00a0UPS Ground, adem\u00e1s de varios m\u00e9todos de env\u00edo [&hellip;]<\/p>\n","protected":false},"author":1,"featured_media":0,"parent":0,"menu_order":0,"comment_status":"closed","ping_status":"closed","template":"","meta":{"site-sidebar-layout":"default","site-content-layout":"","ast-site-content-layout":"default","site-content-style":"default","site-sidebar-style":"default","ast-global-header-display":"","ast-banner-title-visibility":"","ast-main-header-display":"","ast-hfb-above-header-display":"","ast-hfb-below-header-display":"","ast-hfb-mobile-header-display":"","site-post-title":"","ast-breadcrumbs-content":"","ast-featured-img":"","footer-sml-layout":"","ast-disable-related-posts":"","theme-transparent-header-meta":"","adv-header-id-meta":"","stick-header-meta":"","header-above-stick-meta":"","header-main-stick-meta":"","header-below-stick-meta":"","astra-migrate-meta-layouts":"set","ast-page-background-enabled":"default","ast-page-background-meta":{"desktop":{"background-color":"","background-image":"","background-repeat":"repeat","background-position":"center center","background-size":"auto","background-attachment":"scroll","background-type":"","background-media":"","overlay-type":"","overlay-color":"","overlay-opacity":"","overlay-gradient":""},"tablet":{"background-color":"","background-image":"","background-repeat":"repeat","background-position":"center center","background-size":"auto","background-attachment":"scroll","background-type":"","background-media":"","overlay-type":"","overlay-color":"","overlay-opacity":"","overlay-gradient":""},"mobile":{"background-color":"","background-image":"","background-repeat":"repeat","background-position":"center center","background-size":"auto","background-attachment":"scroll","background-type":"","background-media":"","overlay-type":"","overlay-color":"","overlay-opacity":"","overlay-gradient":""}},"ast-content-background-meta":{"desktop":{"background-color":"var(--ast-global-color-5)","background-image":"","background-repeat":"repeat","background-position":"center center","background-size":"auto","background-attachment":"scroll","background-type":"","background-media":"","overlay-type":"","overlay-color":"","overlay-opacity":"","overlay-gradient":""},"tablet":{"background-color":"var(--ast-global-color-5)","background-image":"","background-repeat":"repeat","background-position":"center center","background-size":"auto","background-attachment":"scroll","background-type":"","background-media":"","overlay-type":"","overlay-color":"","overlay-opacity":"","overlay-gradient":""},"mobile":{"background-color":"var(--ast-global-color-5)","background-image":"","background-repeat":"repeat","background-position":"center center","background-size":"auto","background-attachment":"scroll","background-type":"","background-media":"","overlay-type":"","overlay-color":"","overlay-opacity":"","overlay-gradient":""}},"_joinchat":[],"footnotes":""},"class_list":["post-1818","page","type-page","status-publish","hentry"],"aioseo_notices":[],"_links":{"self":[{"href":"https:\/\/mytradingpanama.com\/es\/wp-json\/wp\/v2\/pages\/1818","targetHints":{"allow":["GET"]}}],"collection":[{"href":"https:\/\/mytradingpanama.com\/es\/wp-json\/wp\/v2\/pages"}],"about":[{"href":"https:\/\/mytradingpanama.com\/es\/wp-json\/wp\/v2\/types\/page"}],"author":[{"embeddable":true,"href":"https:\/\/mytradingpanama.com\/es\/wp-json\/wp\/v2\/users\/1"}],"replies":[{"embeddable":true,"href":"https:\/\/mytradingpanama.com\/es\/wp-json\/wp\/v2\/comments?post=1818"}],"version-history":[{"count":14,"href":"https:\/\/mytradingpanama.com\/es\/wp-json\/wp\/v2\/pages\/1818\/revisions"}],"predecessor-version":[{"id":2050,"href":"https:\/\/mytradingpanama.com\/es\/wp-json\/wp\/v2\/pages\/1818\/revisions\/2050"}],"wp:attachment":[{"href":"https:\/\/mytradingpanama.com\/es\/wp-json\/wp\/v2\/media?parent=1818"}],"curies":[{"name":"wp","href":"https:\/\/api.w.org\/{rel}","templated":true}]}}