{"id":1833,"date":"2024-04-18T04:43:02","date_gmt":"2024-04-18T09:43:02","guid":{"rendered":"https:\/\/mytradingpanama.com\/privacy-policy\/"},"modified":"2025-02-16T23:08:26","modified_gmt":"2025-02-17T04:08:26","slug":"politica-de-privacidad-de-my-trading-panama-inc","status":"publish","type":"page","link":"https:\/\/mytradingpanama.com\/es\/politica-de-privacidad-de-my-trading-panama-inc\/","title":{"rendered":"Pol\u00edtica de privacidad de My Trading Panama Inc."},"content":{"rendered":"\t\t<div data-elementor-type=\"wp-page\" data-elementor-id=\"1833\" class=\"elementor elementor-1833 elementor-3\" data-elementor-post-type=\"page\">\n\t\t\t\t<div class=\"elementor-element elementor-element-4be82419 e-flex e-con-boxed e-con e-parent\" data-id=\"4be82419\" data-element_type=\"container\" data-e-type=\"container\">\n\t\t\t\t\t<div class=\"e-con-inner\">\n\t\t\t\t<div class=\"elementor-element elementor-element-6d750168 elementor-widget elementor-widget-text-editor\" data-id=\"6d750168\" data-element_type=\"widget\" data-e-type=\"widget\" data-widget_type=\"text-editor.default\">\n\t\t\t\t\t\t\t\t\t<p>Esta Pol\u00edtica de Privacidad describe c\u00f3mo\u00a0<strong>my trading Panama Inc<\/strong>\u00a0recopila, utiliza y divulga tu informaci\u00f3n personal cuando visitas, utilizas nuestros servicios o realizas una compra en\u00a0<strong><a href=\"https:\/\/mytradingpanama.com\/\" target=\"_blank\" rel=\"noopener noreferrer\">https:\/\/mytradingpanama.com<\/a><\/strong>, o te comunicas con nosotros de cualquier otra manera. A los efectos de esta Pol\u00edtica de Privacidad, &#8220;t\u00fa&#8221; y &#8220;tu&#8221; se refieren a ti como usuario de los Servicios, ya seas un cliente, un visitante del sitio web o cualquier otra persona cuya informaci\u00f3n hayamos recopilado de acuerdo con esta Pol\u00edtica de Privacidad.<\/p><p>Por favor, lee esta Pol\u00edtica de Privacidad detenidamente. Al usar y acceder a cualquiera de los Servicios, aceptas la recopilaci\u00f3n, el uso y la divulgaci\u00f3n de tu informaci\u00f3n tal como se describe en esta Pol\u00edtica de Privacidad. Si no est\u00e1s de acuerdo con esta Pol\u00edtica de Privacidad, por favor no uses ni accedas a ninguno de los Servicios.<\/p><p><strong>Cambios en esta Pol\u00edtica de Privacidad<\/strong><\/p><p>Podemos actualizar esta Pol\u00edtica de Privacidad de vez en cuando, incluso para reflejar cambios en nuestras pr\u00e1cticas o por otras razones operativas, legales o regulatorias. Publicaremos la Pol\u00edtica de Privacidad revisada en el Sitio, actualizaremos la fecha de &#8220;\u00daltima actualizaci\u00f3n&#8221; y tomaremos cualquier otra medida requerida por la ley aplicable.<\/p><p><strong>C\u00f3mo Recopilamos y Utilizamos tu Informaci\u00f3n Personal<\/strong><\/p><p>Para proporcionar los Servicios, recopilamos informaci\u00f3n personal sobre ti de diversas fuentes, como se detalla a continuaci\u00f3n. La informaci\u00f3n que recopilamos y utilizamos var\u00eda seg\u00fan c\u00f3mo interact\u00faes con nosotros.<\/p><p><strong>Qu\u00e9 Informaci\u00f3n Personal Recopilamos<\/strong><\/p><p>Los tipos de informaci\u00f3n personal que obtenemos sobre ti dependen de c\u00f3mo interact\u00faes con nuestro Sitio y uses nuestros Servicios. Cuando usamos el t\u00e9rmino &#8220;informaci\u00f3n personal&#8221;, nos referimos a informaci\u00f3n que identifica, se relaciona, describe o puede asociarse contigo. Las siguientes secciones describen las categor\u00edas y tipos espec\u00edficos de informaci\u00f3n personal que recopilamos.<\/p><p><strong>Informaci\u00f3n que Recopilamos Directamente de Ti<\/strong><\/p><p>La informaci\u00f3n que nos env\u00edas directamente a trav\u00e9s de nuestros Servicios puede incluir:<\/p><ul><li><p>Datos b\u00e1sicos de contacto, como tu nombre, direcci\u00f3n, n\u00famero de tel\u00e9fono y correo electr\u00f3nico.<\/p><\/li><li><p>Informaci\u00f3n de pedidos, como tu nombre, direcci\u00f3n de facturaci\u00f3n, direcci\u00f3n de env\u00edo, confirmaci\u00f3n de pago, correo electr\u00f3nico y n\u00famero de tel\u00e9fono.<\/p><\/li><li><p>Informaci\u00f3n de soporte al cliente, incluyendo la informaci\u00f3n que elijas incluir en las comunicaciones con nosotros, por ejemplo, al enviar un mensaje a trav\u00e9s de los Servicios.<\/p><\/li><\/ul><p>Algunas funciones de los Servicios pueden requerir que nos proporciones directamente cierta informaci\u00f3n sobre ti. Puedes optar por no proporcionar esta informaci\u00f3n, pero hacerlo puede impedirte usar o acceder a estas funciones.<\/p><p><strong>Informaci\u00f3n que Recopilamos a trav\u00e9s de Cookies<\/strong><\/p><p>Tambi\u00e9n recopilamos autom\u00e1ticamente cierta informaci\u00f3n sobre tu interacci\u00f3n con los Servicios (&#8220;Datos de Uso&#8221;). Para ello, podemos usar cookies, p\u00edxeles y tecnolog\u00edas similares (&#8220;Cookies&#8221;). Los Datos de Uso pueden incluir informaci\u00f3n sobre c\u00f3mo accedes y usas nuestro Sitio y tu cuenta, incluyendo informaci\u00f3n del dispositivo, del navegador, de tu conexi\u00f3n de red, tu direcci\u00f3n IP y otra informaci\u00f3n relacionada con tu interacci\u00f3n con los Servicios.<\/p><p><strong>Informaci\u00f3n que Obtenemos de Terceros<\/strong><\/p><p>Finalmente, podemos obtener informaci\u00f3n sobre ti de terceros, incluyendo proveedores y socios de servicios que recopilan informaci\u00f3n en nuestro nombre, como:<\/p><ul><li><p>Empresas que respaldan nuestro Sitio y Servicios.<\/p><\/li><li><p>Nuestros procesadores de pagos, que recopilan informaci\u00f3n de pago (por ejemplo, cuenta bancaria, informaci\u00f3n de tarjeta de cr\u00e9dito o d\u00e9bito, direcci\u00f3n de facturaci\u00f3n) para procesar tu pago y cumplir con tus pedidos, con el fin de proporcionarte los productos o servicios que has solicitado, y para cumplir con nuestro contrato contigo.<\/p><\/li><li><p>Cuando visitas nuestro Sitio, abres o haces clic en los correos electr\u00f3nicos que te enviamos, o interact\u00faas con nuestros Servicios o anuncios, nosotros, o terceros con los que trabajamos, podemos recopilar autom\u00e1ticamente cierta informaci\u00f3n utilizando tecnolog\u00edas de seguimiento en l\u00ednea como p\u00edxeles, web beacons, kits de desarrollo de software, bibliotecas de terceros y cookies.<\/p><\/li><\/ul><p>Cualquier informaci\u00f3n que obtengamos de terceros se tratar\u00e1 de acuerdo con esta Pol\u00edtica de Privacidad. No somos responsables ni liable por la exactitud de la informaci\u00f3n que nos proporcionan los terceros, ni por las pol\u00edticas o pr\u00e1cticas de ning\u00fan tercero.<\/p><p><strong>C\u00f3mo Utilizamos tu Informaci\u00f3n Personal<\/strong><\/p><ul><li><p><strong>Provisi\u00f3n de Productos y Servicios.<\/strong>\u00a0Usamos tu informaci\u00f3n personal para proporcionarte los Servicios y cumplir con nuestro contrato contigo, incluyendo el procesamiento de tus pagos, la gesti\u00f3n de tus pedidos, el env\u00edo de notificaciones relacionadas con tu cuenta, compras, devoluciones, intercambios u otras transacciones, la creaci\u00f3n, mantenimiento y gesti\u00f3n de tu cuenta, la organizaci\u00f3n de env\u00edos, la facilitaci\u00f3n de devoluciones e intercambios, y para permitirte publicar rese\u00f1as.<\/p><\/li><li><p><strong>Marketing y Publicidad.<\/strong>\u00a0Usamos tu informaci\u00f3n personal con fines de marketing y promoci\u00f3n, como enviar comunicaciones de marketing, publicidad y promoci\u00f3n por correo electr\u00f3nico, mensaje de texto o correo postal, y mostrarte anuncios de productos o servicios. Esto puede incluir el uso de tu informaci\u00f3n personal para adaptar mejor los Servicios y la publicidad en nuestro Sitio y otros sitios web.<\/p><\/li><li><p><strong>Seguridad y Prevenci\u00f3n de Fraudes.<\/strong>\u00a0Usamos tu informaci\u00f3n personal para detectar, investigar o tomar medidas respecto a posibles actividades fraudulentas, ilegales o maliciosas. Si decides usar los Servicios y registrarte en una cuenta, eres responsable de mantener seguras las credenciales de tu cuenta. Recomendamos encarecidamente que no compartas tu nombre de usuario, contrase\u00f1a u otros detalles de acceso con nadie m\u00e1s. Si crees que tu cuenta ha sido comprometida, por favor cont\u00e1ctanos inmediatamente.<\/p><\/li><li><p><strong>Comunicaci\u00f3n contigo.<\/strong>\u00a0Usamos tu informaci\u00f3n personal para brindarte soporte al cliente y mejorar nuestros Servicios.<\/p><\/li><\/ul><p><strong>Cookies<\/strong><\/p><p>Usamos Cookies para potenciar y mejorar nuestro Sitio y nuestros Servicios (incluyendo recordar tus acciones y preferencias), para realizar an\u00e1lisis y comprender mejor la interacci\u00f3n del usuario con los Servicios (en nuestro inter\u00e9s leg\u00edtimo de administrar, mejorar y optimizar los Servicios). Tambi\u00e9n podemos permitir que terceros y proveedores de servicios usen Cookies en nuestro Sitio para adaptar mejor los servicios, productos y publicidad en nuestro Sitio y otros sitios web.<\/p><p>La mayor\u00eda de los navegadores aceptan Cookies autom\u00e1ticamente por defecto, pero puedes configurar tu navegador para eliminar o rechazar Cookies a trav\u00e9s de los controles del navegador. Ten en cuenta que eliminar o bloquear Cookies puede afectar negativamente tu experiencia de usuario y puede hacer que algunos de los Servicios, incluyendo ciertas funciones y funcionalidades generales, no funcionen correctamente o dejen de estar disponibles. Adem\u00e1s, bloquear Cookies puede no prevenir completamente c\u00f3mo compartimos informaci\u00f3n con terceros, como nuestros socios publicitarios.<\/p><p><strong>C\u00f3mo Divulgamos Informaci\u00f3n Personal<\/strong><\/p><p>En ciertas circunstancias, podemos divulgar tu informaci\u00f3n personal a terceros con fines leg\u00edtimos sujetos a esta Pol\u00edtica de Privacidad. Dichas circunstancias pueden incluir:<\/p><ul><li><p>Con proveedores u otros terceros que prestan servicios en nuestro nombre (por ejemplo, gesti\u00f3n de TI, procesamiento de pagos, an\u00e1lisis de datos, soporte al cliente, almacenamiento en la nube, cumplimiento y env\u00edo).<\/p><\/li><li><p>Con socios comerciales y de marketing, para proporcionar servicios y publicidad dirigida a ti. Nuestros socios comerciales y de marketing usar\u00e1n tu informaci\u00f3n de acuerdo con sus propias pol\u00edticas de privacidad.<\/p><\/li><li><p>Cuando nos dirijas, nos solicites o consientas de otra manera a divulgar cierta informaci\u00f3n a terceros, como para enviarte productos o a trav\u00e9s de tu uso de widgets de redes sociales o integraciones de inicio de sesi\u00f3n, con tu consentimiento.<\/p><\/li><li><p>Con nuestras afiliadas o dentro de nuestro grupo corporativo, en nuestro inter\u00e9s leg\u00edtimo de gestionar un negocio exitoso.<\/p><\/li><li><p>En relaci\u00f3n con una transacci\u00f3n comercial, como una fusi\u00f3n o bancarrota, para cumplir con cualquier obligaci\u00f3n legal aplicable (incluyendo responder a citaciones, \u00f3rdenes de registro y solicitudes similares), para hacer cumplir cualquier t\u00e9rmino de servicio aplicable, y para proteger o defender los Servicios, nuestros derechos y los derechos de nuestros usuarios o de otros.<\/p><\/li><\/ul><p>Hemos divulgado las siguientes categor\u00edas de informaci\u00f3n personal e informaci\u00f3n personal sensible (denotadas por *) sobre los usuarios para los fines establecidos anteriormente en &#8220;C\u00f3mo Recopilamos y Utilizamos tu Informaci\u00f3n Personal&#8221; y &#8220;C\u00f3mo Divulgamos Informaci\u00f3n Personal&#8221;:<\/p><p><strong>Categor\u00eda:<\/strong><\/p><ul><li><p>Identificadores, como datos b\u00e1sicos de contacto y cierta informaci\u00f3n de pedidos y cuentas.<\/p><\/li><li><p>Informaci\u00f3n comercial, como informaci\u00f3n de pedidos, informaci\u00f3n de compras e informaci\u00f3n de soporte al cliente.<\/p><\/li><li><p>Actividad en Internet o en redes similares, como Datos de Uso.<\/p><\/li><\/ul><p><strong>Categor\u00edas de Destinatarios:<\/strong><\/p><ul><li><p>Proveedores y terceros que prestan servicios en nuestro nombre (como proveedores de servicios de Internet, procesadores de pagos, socios de cumplimiento, socios de soporte al cliente y proveedores de an\u00e1lisis de datos).<\/p><\/li><li><p>Socios comerciales y de marketing.<\/p><\/li><li><p>Afiliadas.<\/p><\/li><\/ul><p>Hemos &#8220;vendido&#8221; y &#8220;compartido&#8221; (seg\u00fan se definen esos t\u00e9rminos en la ley aplicable) informaci\u00f3n personal con el fin de participar en actividades de publicidad y marketing, de la siguiente manera.<\/p><p><strong>Categor\u00eda de Informaci\u00f3n Personal:<\/strong><\/p><ul><li><p>Identificadores, como datos b\u00e1sicos de contacto y cierta informaci\u00f3n de pedidos y cuentas.<\/p><\/li><li><p>Informaci\u00f3n comercial, como registros de productos o servicios comprados e informaci\u00f3n de compras.<\/p><\/li><li><p>Actividad en Internet o en redes similares, como Datos de Uso.<\/p><\/li><\/ul><p><strong>Categor\u00edas de Destinatarios:<\/strong><\/p><ul><li><p>Socios comerciales y de marketing.<\/p><\/li><\/ul><p><strong>Contenido Generado por el Usuario<\/strong><\/p><p>Los Servicios pueden permitirte publicar rese\u00f1as de productos y otro contenido generado por el usuario. Si decides enviar contenido generado por el usuario a cualquier \u00e1rea p\u00fablica de los Servicios, este contenido ser\u00e1 p\u00fablico y accesible por cualquier persona.<\/p><p>No controlamos qui\u00e9n tendr\u00e1 acceso a la informaci\u00f3n que elijas hacer disponible a otros, y no podemos garantizar que las partes que tengan acceso a dicha informaci\u00f3n respeten tu privacidad o la mantengan segura. No somos responsables de la privacidad o seguridad de cualquier informaci\u00f3n que hagas p\u00fablica, ni de la exactitud, uso o mal uso de cualquier informaci\u00f3n que divulgues o recibas de terceros.<\/p><p><strong>Datos de Ni\u00f1os<\/strong><\/p><p>Los Servicios no est\u00e1n destinados a ser utilizados por ni\u00f1os, y no recopilamos conscientemente informaci\u00f3n personal sobre ni\u00f1os. Si eres el padre o tutor de un ni\u00f1o que nos ha proporcionado su informaci\u00f3n personal, puedes contactarnos utilizando los datos de contacto que se indican a continuaci\u00f3n para solicitar que se elimine.<\/p><p>A partir de la fecha efectiva de esta Pol\u00edtica de Privacidad, no tenemos conocimiento de que &#8220;compartamos&#8221; o &#8220;vendamos&#8221; (seg\u00fan se definen esos t\u00e9rminos en la ley aplicable) informaci\u00f3n personal de menores de 16 a\u00f1os.<\/p><p><strong>Seguridad y Retenci\u00f3n de tu Informaci\u00f3n<\/strong><\/p><p>Ten en cuenta que ninguna medida de seguridad es perfecta o impenetrable, y no podemos garantizar una &#8220;seguridad perfecta&#8221;. Adem\u00e1s, cualquier informaci\u00f3n que nos env\u00edes puede no estar segura mientras est\u00e1 en tr\u00e1nsito. Recomendamos que no uses canales no seguros para comunicarnos informaci\u00f3n sensible o confidencial.<\/p><p>El tiempo que retenemos tu informaci\u00f3n personal depende de varios factores, como si necesitamos la informaci\u00f3n para mantener tu cuenta, proporcionar los Servicios, cumplir con obligaciones legales, resolver disputas o hacer cumplir otros contratos y pol\u00edticas aplicables.<\/p><p><strong>Tus Derechos y Opciones<\/strong><\/p><p>Dependiendo de d\u00f3nde vivas, puedes tener algunos o todos los derechos que se enumeran a continuaci\u00f3n en relaci\u00f3n con tu informaci\u00f3n personal. Sin embargo, estos derechos no son absolutos, pueden aplicarse solo en ciertas circunstancias y, en algunos casos, podemos rechazar tu solicitud seg\u00fan lo permita la ley.<\/p><ul><li><p><strong>Derecho de Acceso \/ Conocimiento.<\/strong>\u00a0Puedes tener derecho a solicitar acceso a la informaci\u00f3n personal que tenemos sobre ti, incluyendo detalles sobre c\u00f3mo usamos y compartimos tu informaci\u00f3n.<\/p><\/li><li><p><strong>Derecho a Eliminar.<\/strong>\u00a0Puedes tener derecho a solicitar que eliminemos la informaci\u00f3n personal que mantenemos sobre ti.<\/p><\/li><li><p><strong>Derecho a Corregir.<\/strong>\u00a0Puedes tener derecho a solicitar que corrijamos la informaci\u00f3n personal inexacta que mantenemos sobre ti.<\/p><\/li><li><p><strong>Derecho de Portabilidad.<\/strong>\u00a0Puedes tener derecho a recibir una copia de la informaci\u00f3n personal que tenemos sobre ti y a solicitar que la transfiramos a un tercero, en ciertas circunstancias y con ciertas excepciones.<\/p><\/li><li><p><strong>Derecho a Optar por No Vender o Compartir o a la Publicidad Dirigida.<\/strong>\u00a0Puedes tener derecho a indicarnos que no &#8220;vendamos&#8221; o &#8220;compartamos&#8221; tu informaci\u00f3n personal o a optar por no procesar tu informaci\u00f3n personal con fines considerados como &#8220;publicidad dirigida&#8221;, seg\u00fan se define en las leyes de privacidad aplicables. Ten en cuenta que si visitas nuestro Sitio con la se\u00f1al de preferencia de exclusi\u00f3n del Control de Privacidad Global habilitada, dependiendo de d\u00f3nde te encuentres, trataremos autom\u00e1ticamente esto como una solicitud para optar por no &#8220;vender&#8221; o &#8220;compartir&#8221; informaci\u00f3n para el dispositivo y navegador que uses para visitar el Sitio.<\/p><\/li><li><p><strong>Derecho a Limitar y\/o Optar por No Usar y Divulgar Informaci\u00f3n Personal Sensible.<\/strong>\u00a0Puedes tener derecho a indicarnos que limitemos nuestro uso y\/o divulgaci\u00f3n de informaci\u00f3n personal sensible solo a lo necesario para realizar los Servicios o proporcionar los bienes razonablemente esperados por un individuo promedio.<\/p><\/li><li><p><strong>Restricci\u00f3n del Procesamiento:<\/strong>\u00a0Puedes tener derecho a pedirnos que detengamos o restrinjamos nuestro procesamiento de informaci\u00f3n personal.<\/p><\/li><li><p><strong>Retiro del Consentimiento:<\/strong>\u00a0Cuando nos basamos en el consentimiento para procesar tu informaci\u00f3n personal, puedes tener derecho a retirar este consentimiento.<\/p><\/li><li><p><strong>Apelaci\u00f3n:<\/strong>\u00a0Puedes tener derecho a apelar nuestra decisi\u00f3n si rechazamos procesar tu solicitud. Puedes hacerlo respondiendo directamente a nuestra negativa.<\/p><\/li><li><p><strong>Gesti\u00f3n de Preferencias de Comunicaci\u00f3n:<\/strong>\u00a0Podemos enviarte correos electr\u00f3nicos promocionales, y puedes optar por no recibirlos en cualquier momento utilizando la opci\u00f3n de cancelar suscripci\u00f3n que se muestra en nuestros correos electr\u00f3nicos. Si optas por no recibirlos, a\u00fan podemos enviarte correos electr\u00f3nicos no promocionales, como aquellos sobre tu cuenta o pedidos que hayas realizado.<\/p><\/li><\/ul><p>Puedes ejercer cualquiera de estos derechos donde se indique en nuestro Sitio o contact\u00e1ndonos utilizando los datos de contacto que se proporcionan a continuaci\u00f3n.<\/p><p>No discriminaremos contra ti por ejercer cualquiera de estos derechos. Es posible que necesitemos recopilar informaci\u00f3n de ti para verificar tu identidad, como tu direcci\u00f3n de correo electr\u00f3nico o informaci\u00f3n de la cuenta, antes de proporcionar una respuesta sustantiva a la solicitud. De acuerdo con las leyes aplicables, puedes designar a un agente autorizado para que realice solicitudes en tu nombre para ejercer tus derechos. Antes de aceptar dicha solicitud de un agente, requeriremos que el agente proporcione pruebas de que lo has autorizado para actuar en tu nombre, y es posible que necesitemos que verifiques tu identidad directamente con nosotros. Responderemos a tu solicitud de manera oportuna seg\u00fan lo requiera la ley aplicable.<\/p><p><strong>Quejas<\/strong><\/p><p>Si tienes quejas sobre c\u00f3mo procesamos tu informaci\u00f3n personal, por favor cont\u00e1ctanos utilizando los datos de contacto que se proporcionan a continuaci\u00f3n. Si no est\u00e1s satisfecho con nuestra respuesta a tu queja, dependiendo de d\u00f3nde vivas, puedes tener derecho a apelar nuestra decisi\u00f3n contact\u00e1ndonos utilizando los datos de contacto que se indican a continuaci\u00f3n, o presentar una queja ante la autoridad local de protecci\u00f3n de datos.<\/p><p><strong>Usuarios Internacionales<\/strong><\/p><p>Ten en cuenta que podemos transferir, almacenar y procesar tu informaci\u00f3n personal fuera del pa\u00eds en el que vives, incluidos los Estados Unidos. Tu informaci\u00f3n personal tambi\u00e9n es procesada por personal y proveedores de servicios y socios en estos pa\u00edses.<\/p><p>Si transferimos tu informaci\u00f3n personal fuera de Europa, nos basaremos en mecanismos de transferencia reconocidos como las Cl\u00e1usulas Contractuales Est\u00e1ndar de la Comisi\u00f3n Europea, o cualquier contrato equivalente emitido por la autoridad competente del Reino Unido, seg\u00fan corresponda, a menos que la transferencia de datos sea a un pa\u00eds que haya sido determinado como que proporciona un nivel adecuado de protecci\u00f3n.<\/p><p><strong>Contacto<\/strong><\/p><p>Si tienes alguna pregunta sobre nuestras pr\u00e1cticas de privacidad o esta Pol\u00edtica de Privacidad, o si deseas ejercer cualquiera de los derechos disponibles para ti, por favor env\u00edanos un correo electr\u00f3nico a\u00a0<strong><a href=\"mailto:info@mytradingpanama.com\" target=\"_blank\" rel=\"noopener noreferrer\">info@mytradingpanama.com<\/a><\/strong>\u00a0o cont\u00e1ctanos en\u00a0<strong>5125 NW 165th St, Miami Lakes, FL, 33014, Estados Unidos<\/strong>.<\/p>\t\t\t\t\t\t\t\t<\/div>\n\t\t\t\t\t<\/div>\n\t\t\t\t<\/div>\n\t\t\t\t<\/div>\n\t\t","protected":false},"excerpt":{"rendered":"<p>Esta Pol\u00edtica de Privacidad describe c\u00f3mo\u00a0my trading Panama Inc\u00a0recopila, utiliza y divulga tu informaci\u00f3n personal cuando visitas, utilizas nuestros servicios o realizas una compra en\u00a0https:\/\/mytradingpanama.com, o te comunicas con nosotros de cualquier otra manera. A los efectos de esta Pol\u00edtica de Privacidad, &#8220;t\u00fa&#8221; y &#8220;tu&#8221; se refieren a ti como usuario de los Servicios, ya [&hellip;]<\/p>\n","protected":false},"author":1,"featured_media":0,"parent":0,"menu_order":0,"comment_status":"closed","ping_status":"open","template":"","meta":{"site-sidebar-layout":"default","site-content-layout":"","ast-site-content-layout":"default","site-content-style":"default","site-sidebar-style":"default","ast-global-header-display":"","ast-banner-title-visibility":"","ast-main-header-display":"","ast-hfb-above-header-display":"","ast-hfb-below-header-display":"","ast-hfb-mobile-header-display":"","site-post-title":"","ast-breadcrumbs-content":"","ast-featured-img":"","footer-sml-layout":"","ast-disable-related-posts":"","theme-transparent-header-meta":"","adv-header-id-meta":"","stick-header-meta":"","header-above-stick-meta":"","header-main-stick-meta":"","header-below-stick-meta":"","astra-migrate-meta-layouts":"set","ast-page-background-enabled":"default","ast-page-background-meta":{"desktop":{"background-color":"","background-image":"","background-repeat":"repeat","background-position":"center center","background-size":"auto","background-attachment":"scroll","background-type":"","background-media":"","overlay-type":"","overlay-color":"","overlay-opacity":"","overlay-gradient":""},"tablet":{"background-color":"","background-image":"","background-repeat":"repeat","background-position":"center center","background-size":"auto","background-attachment":"scroll","background-type":"","background-media":"","overlay-type":"","overlay-color":"","overlay-opacity":"","overlay-gradient":""},"mobile":{"background-color":"","background-image":"","background-repeat":"repeat","background-position":"center center","background-size":"auto","background-attachment":"scroll","background-type":"","background-media":"","overlay-type":"","overlay-color":"","overlay-opacity":"","overlay-gradient":""}},"ast-content-background-meta":{"desktop":{"background-color":"var(--ast-global-color-5)","background-image":"","background-repeat":"repeat","background-position":"center center","background-size":"auto","background-attachment":"scroll","background-type":"","background-media":"","overlay-type":"","overlay-color":"","overlay-opacity":"","overlay-gradient":""},"tablet":{"background-color":"var(--ast-global-color-5)","background-image":"","background-repeat":"repeat","background-position":"center center","background-size":"auto","background-attachment":"scroll","background-type":"","background-media":"","overlay-type":"","overlay-color":"","overlay-opacity":"","overlay-gradient":""},"mobile":{"background-color":"var(--ast-global-color-5)","background-image":"","background-repeat":"repeat","background-position":"center center","background-size":"auto","background-attachment":"scroll","background-type":"","background-media":"","overlay-type":"","overlay-color":"","overlay-opacity":"","overlay-gradient":""}},"_joinchat":[],"footnotes":""},"class_list":["post-1833","page","type-page","status-publish","hentry"],"aioseo_notices":[],"_links":{"self":[{"href":"https:\/\/mytradingpanama.com\/es\/wp-json\/wp\/v2\/pages\/1833","targetHints":{"allow":["GET"]}}],"collection":[{"href":"https:\/\/mytradingpanama.com\/es\/wp-json\/wp\/v2\/pages"}],"about":[{"href":"https:\/\/mytradingpanama.com\/es\/wp-json\/wp\/v2\/types\/page"}],"author":[{"embeddable":true,"href":"https:\/\/mytradingpanama.com\/es\/wp-json\/wp\/v2\/users\/1"}],"replies":[{"embeddable":true,"href":"https:\/\/mytradingpanama.com\/es\/wp-json\/wp\/v2\/comments?post=1833"}],"version-history":[{"count":14,"href":"https:\/\/mytradingpanama.com\/es\/wp-json\/wp\/v2\/pages\/1833\/revisions"}],"predecessor-version":[{"id":2046,"href":"https:\/\/mytradingpanama.com\/es\/wp-json\/wp\/v2\/pages\/1833\/revisions\/2046"}],"wp:attachment":[{"href":"https:\/\/mytradingpanama.com\/es\/wp-json\/wp\/v2\/media?parent=1833"}],"curies":[{"name":"wp","href":"https:\/\/api.w.org\/{rel}","templated":true}]}}